{"id":45,"date":"2022-03-11T09:10:00","date_gmt":"2022-03-11T08:10:00","guid":{"rendered":"https:\/\/hoerbuch-bestseller.eu\/?page_id=45"},"modified":"2022-03-11T09:10:00","modified_gmt":"2022-03-11T08:10:00","slug":"impressum","status":"publish","type":"page","link":"https:\/\/hoerbuch-bestseller.eu\/?page_id=45","title":{"rendered":"Impressum"},"content":{"rendered":"\n<p>Ing. Mag. Holger Pecherstorfer<br>Kirchstra\u00dfe 10<br>6323 Bad H\u00e4ring<br>Austria<br>mobil +43 676 430 6990<br>mail: hope(at)hope.co.at<br><a href=\"http:\/\/www.hope.co.at\">http:\/\/www.hope.co.at<\/a><\/p>\n\n\n\n<p>UID: ATU61037078<\/p>\n\n\n\n<p>Gesch\u00e4ftsf\u00fchrer: Ing. Mag. Holger Pecherstorfer<\/p>\n\n\n\n<p>Informationspflicht lt. E-Commerce-Gesetz (ECG) \u00a7 5 Abs. 1<\/p>\n\n\n\n<p>Mitglied der Wirtschaftskammer Tirol<br>Sparte Information und Consulting<br>704 Unternehmensberatung und Informationstechnologie<br>Gerichtstand ist das Bezirksgericht Kufstein<\/p>\n\n\n\n<p>Haftung f\u00fcr Inhalte<br>Die Inhalte aller Seiten wurden mit gr\u00f6\u00dfter Gewissenhaftigkeit erstellt. Der Dienstanbieter \u00fcbernimmt keine Gew\u00e4hr f\u00fcr die Richtigkeit, Vollst\u00e4ndigkeit, Aktualit\u00e4t und Qualit\u00e4t der bereitgestellten Informationen. Bezug nehmend auf Sch\u00e4den jeglicher Art aufgrund der Nutzung oder Nichtnutzung der vorhandenen Informationen sind grunds\u00e4tzlich Haftungsanspr\u00fcche ausgeschlossen. Liegt eine Rechtsverletzung vor, so ist eine Haftung erst ab dem Zeitpunkt der Kenntnis einer konkreten Rechtsverletzung m\u00f6glich. Die von Rechtsverletzung betroffenen Inhalte werden nach Bekanntwerden umgehend entfernt.<\/p>\n\n\n\n<p>Haftung f\u00fcr Links<br>Der Dienstanbieter \u00fcbernimmt keinerlei Gew\u00e4hr f\u00fcr direkte und indirekte externe Links. F\u00fcr die Inhalte der externen Links ist immer der jeweilige Betreiber oder Anbieter dieser Seiten verantwortlich. Zum Zeitpunkt der Verlinkung wurden die Links \u00fcberpr\u00fcft und keine Rechtsverst\u00f6\u00dfe festgestellt. Eine permanente Pr\u00fcfung der externen Links ist nicht zumutbar. Im Falle einer berechtigten Feststellung der Rechtsverletzung erfolgt umgehend die Entfernung der entsprechenden Links.<\/p>\n\n\n\n<p>Urheberrecht<br>Alle Inhalte der vorhandenen Seiten unterliegen dem Urheberrecht. Eine Nutzung des Inhalts oder jeglicher Teile davon ist nicht zul\u00e4ssig, sondern bedarf der Zustimmung des Dienstanbieters. Dies gilt ebenso f\u00fcr die Urheberrechte Dritter. Bei Zuwiderhandlungen beh\u00e4lt sich der Dienstanbieter vor, Anzeige zu erstatten. Sollten trotz aller Vorsichtsma\u00dfnahmen dennoch Urheberrechtsverletzungen vorliegen, bitten wir um Mitteilung. Bei berechtigter Feststellung der Rechtsverletzung werden wir die entsprechenden Inhalte unverz\u00fcglich entfernen.<\/p>\n\n\n\n<p>Verwendung von Google Analytics<br>Diese Website benutzt Google Analytics, einen Webanalysedienst der Google Inc. Google Analytics verwendet sog. Cookies, Textdateien, die auf Ihrem Computer gespeichert werden und die eine Analyse der Benutzung der Website durch Sie erm\u00f6glicht. Die durch den Cookie erzeugten Informationen \u00fcber Ihre Benutzung diese Website (einschlie\u00dflich Ihrer IP-Adresse) wird an einen Server von Google in den USA \u00fcbertragen und dort gespeichert. Google wird diese Informationen benutzen, um Ihre Nutzung der Website auszuwerten, um Reports \u00fcber die Websiteaktivit\u00e4ten f\u00fcr die Websitebetreiber zusammenzustellen und um weitere mit der Websitenutzung und der Internetnutzung verbundene Dienstleistungen zu erbringen. Auch wird Google diese Informationen gegebenenfalls an Dritte \u00fcbertragen, sofern dies gesetzlich vorgeschrieben oder soweit Dritte diese Daten im Auftrag von Google verarbeiten. Google wird in keinem Fall Ihre IP-Adresse mit anderen Daten der Google in Verbindung bringen. Sie k\u00f6nnen die Installation der Cookies durch eine entsprechende Einstellung Ihrer Browser Software verhindern; wir weisen Sie jedoch darauf hin, dass Sie in diesem Fall gegebenenfalls nicht s\u00e4mtliche Funktionen dieser Website voll umf\u00e4nglich nutzen k\u00f6nnen. Durch die Nutzung dieser Website erkl\u00e4ren Sie sich mit der Bearbeitung der \u00fcber Sie erhobenen Daten durch Google in der zuvor beschriebenen Art und Weise und zu dem zuvor benannten Zweck einverstanden.<\/p>\n\n\n\n<p>Der Erhebung und Nutzung Ihrer IP-Adresse durch Google Analytics k\u00f6nnen Sie jederzeit mit Wirkung f\u00fcr die Zukunft widersprechen. N\u00e4here Informationen hierzu finden Sie unter&nbsp;http:\/\/tools.google.com\/dlpage\/gaoptout?hl=de. Wir weisen Sie darauf hin, dass auf dieser Webseite Google Analytics um den Code \u201egat._anonymizeIp();\u201c erweitert wurde, um eine anonymisierte Erfassung von IP-Adressen zu gew\u00e4hrleisten.<\/p>\n\n\n\n<p>Drittanbieter, einschlie\u00dflich Google, schalten Anzeigen auf Websites im Internet. Drittanbieter, einschlie\u00dflich Google, verwenden gespeicherte Cookies zum Schalten von Anzeigen auf Grundlage vorheriger Besuche eines Nutzers auf dieser Website.<\/p>\n\n\n\n<p>Google wird in keinem Fall Ihre IP-Adresse mit anderen Daten der Google in Verbindung bringen. Der Datenerhebung und -speicherung kann jederzeit mit Wirkung f\u00fcr die Zukunft widersprochen werden. Sie k\u00f6nnen die Verwendung von Cookies durch Google deaktivieren, indem sie die Seite zur&nbsp;Deaktivierung von Google-Werbungaufrufen. Alternativ k\u00f6nnen Nutzer die Verwendung von Cookies durch Drittanbieter deaktivieren, indem sie dieDeaktivierungsseite der Netzwerkwerbeinitiative&nbsp;aufrufen.<\/p>\n\n\n\n<p>Der Datenerhebung und -speicherung kann jederzeit mit Wirkung f\u00fcr die Zukunft widersprochen werden. Weitere Hinweise zu den Bestimmungen von Google finden Sie&nbsp;hier.<\/p>\n\n\n\n<p>Plattform zur Online-Streitbeilegung der Europ\u00e4ischen Kommission:<\/p>\n\n\n\n<p><a href=\"http:\/\/ec.europa.eu\/consumers\/odr\/\u200b\">http:\/\/ec.europa.eu\/consumers\/odr\/\u200b<\/a><\/p>\n","protected":false},"excerpt":{"rendered":"<p>Ing. Mag. Holger PecherstorferKirchstra\u00dfe 106323 Bad H\u00e4ringAustriamobil +43 676 430 6990mail: hope(at)hope.co.athttp:\/\/www.hope.co.at UID: ATU61037078 Gesch\u00e4ftsf\u00fchrer: Ing. Mag. Holger Pecherstorfer Informationspflicht lt. E-Commerce-Gesetz (ECG) \u00a7 5 Abs. 1 Mitglied der Wirtschaftskammer TirolSparte Information und Consulting704 Unternehmensberatung und InformationstechnologieGerichtstand ist das Bezirksgericht Kufstein Haftung f\u00fcr InhalteDie Inhalte aller Seiten wurden mit gr\u00f6\u00dfter Gewissenhaftigkeit erstellt. Der Dienstanbieter \u00fcbernimmt [&hellip;]<\/p>\n","protected":false},"author":1,"featured_media":0,"parent":0,"menu_order":0,"comment_status":"closed","ping_status":"closed","template":"","meta":{"footnotes":""},"class_list":["post-45","page","type-page","status-publish","hentry"],"_links":{"self":[{"href":"https:\/\/hoerbuch-bestseller.eu\/index.php?rest_route=\/wp\/v2\/pages\/45","targetHints":{"allow":["GET"]}}],"collection":[{"href":"https:\/\/hoerbuch-bestseller.eu\/index.php?rest_route=\/wp\/v2\/pages"}],"about":[{"href":"https:\/\/hoerbuch-bestseller.eu\/index.php?rest_route=\/wp\/v2\/types\/page"}],"author":[{"embeddable":true,"href":"https:\/\/hoerbuch-bestseller.eu\/index.php?rest_route=\/wp\/v2\/users\/1"}],"replies":[{"embeddable":true,"href":"https:\/\/hoerbuch-bestseller.eu\/index.php?rest_route=%2Fwp%2Fv2%2Fcomments&post=45"}],"version-history":[{"count":2,"href":"https:\/\/hoerbuch-bestseller.eu\/index.php?rest_route=\/wp\/v2\/pages\/45\/revisions"}],"predecessor-version":[{"id":136,"href":"https:\/\/hoerbuch-bestseller.eu\/index.php?rest_route=\/wp\/v2\/pages\/45\/revisions\/136"}],"wp:attachment":[{"href":"https:\/\/hoerbuch-bestseller.eu\/index.php?rest_route=%2Fwp%2Fv2%2Fmedia&parent=45"}],"curies":[{"name":"wp","href":"https:\/\/api.w.org\/{rel}","templated":true}]}}